{"id":11,"date":"2017-07-26T14:55:17","date_gmt":"2017-07-26T12:55:17","guid":{"rendered":"https:\/\/www.sabine-benoit.fr\/mariage\/?page_id=11"},"modified":"2017-11-19T10:17:08","modified_gmt":"2017-11-19T09:17:08","slug":"hebergements","status":"publish","type":"page","link":"https:\/\/www.sabine-benoit.fr\/mariage\/le-mariage\/hebergements\/","title":{"rendered":"H\u00e9bergements"},"content":{"rendered":"<h4><u>Sur place : au Moulin d&rsquo;Artus<\/u><\/h4>\n<p>Sur place il y aura plusieurs h\u00e9bergements disponibles :<\/p>\n<h5>G\u00eete n\u00b01<\/h5>\n<p>* 1 canap\u00e9 convertible pour 2 dans le salon<br \/>\n* 1 chambre de 2<br \/>\n* 2 chambres de 4<br \/>\n+ 2 lits d&rsquo;appoint<\/p>\n<h5>G\u00eete n\u00b02<\/h5>\n<p>* 3 chambres de 4<br \/>\n* 1 chambre de 5<br \/>\n* 1 chambre de 6<br \/>\n+ 5 lits d&rsquo;appoint<\/p>\n<h5>Camping<\/h5>\n<p>Pour les plus t\u00e9m\u00e9raires, il est possible de planter les tentes (mais attention les temp\u00e9ratures peuvent baisser la nuit&#8230;)<\/p>\n<hr\/>\n<h4><u>Autres h\u00e9bergements \u00e0 proximit\u00e9<\/u><\/h4>\n<p>\u00e0 500 m\u00e8tres : <a href=\"https:\/\/www.google.fr\/maps\/place\/L'Auberge+de+Beaubery\/@46.4286336,4.4083924,15z\/data=!4m5!3m4!1s0x0:0x3407470d25a9e580!8m2!3d46.4286336!4d4.4083924\" target=\"_blank\">Auberge de Beaubery<\/a><br \/>\n\u00e0 3.9 km : <a href=\"https:\/\/www.google.fr\/maps\/place\/Jour+de+F%C3%AAte\/@46.4014359,4.3967577,17z\/data=!3m1!4b1!4m5!3m4!1s0x47f3965b640f446b:0x66afde833bec6bf6!8m2!3d46.4014359!4d4.3989464\" target=\"_blank\">G\u00eete Jour de f\u00eate<\/a><br \/>\n\u00e0 4.8 km : <a href=\"https:\/\/www.google.fr\/maps\/place\/Domaine+de+la+For%C3%AAt\/@46.3949234,4.3906976,17z\/data=!3m1!4b1!4m5!3m4!1s0x47f3965fc4ca034f:0x72cc54fa8e58852!8m2!3d46.3949234!4d4.3928863\" target=\"_blank\">Domaine de la for\u00eat<\/a><br \/>\n\u00e0 5.4 km : <a href=\"https:\/\/www.google.fr\/maps\/place\/Gite+Des+P+Tits+Loups\/@46.417541,4.458835,15z\/data=!4m5!3m4!1s0x0:0x7fd1002ac4bc31d9!8m2!3d46.417541!4d4.458835\" target=\"_blank\">G\u00eete les p&rsquo;tits loups<\/a><\/p>\n<h4><u>H\u00f4tels<\/u><\/h4>\n<p>\u00e0 11.4 km : <a href=\"https:\/\/www.tripadvisor.fr\/Hotel_Review-g651706-d4162068-Reviews-Le_Temeraire-Charolles_Saone_et_Loire_Bourgogne_Franche_Comte.html\" target=\"_blank\">Le T\u00e9m\u00e9raire<\/a> &#8211; 3 avenue joanny furtin 71220 CHAROLLES<br \/>\n\u00e0 12.4 km : <a href=\"https:\/\/www.tripadvisor.fr\/Hotel_Review-g651706-d565418-Reviews-Hotel_Restaurant_de_la_Poste-Charolles_Saone_et_Loire_Bourgogne_Franche_Comte.html\" target=\"_blank\">H\u00f4tel de la poste<\/a> &#8211; 2 avenue de la liberation 71220 CHAROLLES<br \/>\n\u00e0 18.9 km : <a href=\"https:\/\/www.tripadvisor.fr\/Hotel_Review-g1055955-d1055334-Reviews-Le_Saint_Cyr_Hotel_Restaurant-Montmelard_Saone_et_Loire_Bourgogne_Franche_Comte.html\" target=\"_blank\">Le Saint-Cyr<\/a> &#8211; Le Bourg 71520 MONTMELARD<\/p>\n","protected":false},"excerpt":{"rendered":"<p>Sur place : au Moulin d&rsquo;Artus Sur place il y aura plusieurs h\u00e9bergements disponibles : G\u00eete n\u00b01 * 1 canap\u00e9 convertible pour 2 dans le salon * 1 chambre de 2 * 2 chambres de 4 + 2 lits d&rsquo;appoint G\u00eete n\u00b02 * 3 chambres de 4 * 1 chambre de 5 * 1 chambre [&hellip;]<\/p>\n","protected":false},"author":1,"featured_media":0,"parent":68,"menu_order":0,"comment_status":"open","ping_status":"closed","template":"","meta":{"footnotes":""},"class_list":["post-11","page","type-page","status-publish","hentry"],"_links":{"self":[{"href":"https:\/\/www.sabine-benoit.fr\/mariage\/wp-json\/wp\/v2\/pages\/11","targetHints":{"allow":["GET"]}}],"collection":[{"href":"https:\/\/www.sabine-benoit.fr\/mariage\/wp-json\/wp\/v2\/pages"}],"about":[{"href":"https:\/\/www.sabine-benoit.fr\/mariage\/wp-json\/wp\/v2\/types\/page"}],"author":[{"embeddable":true,"href":"https:\/\/www.sabine-benoit.fr\/mariage\/wp-json\/wp\/v2\/users\/1"}],"replies":[{"embeddable":true,"href":"https:\/\/www.sabine-benoit.fr\/mariage\/wp-json\/wp\/v2\/comments?post=11"}],"version-history":[{"count":5,"href":"https:\/\/www.sabine-benoit.fr\/mariage\/wp-json\/wp\/v2\/pages\/11\/revisions"}],"predecessor-version":[{"id":988,"href":"https:\/\/www.sabine-benoit.fr\/mariage\/wp-json\/wp\/v2\/pages\/11\/revisions\/988"}],"up":[{"embeddable":true,"href":"https:\/\/www.sabine-benoit.fr\/mariage\/wp-json\/wp\/v2\/pages\/68"}],"wp:attachment":[{"href":"https:\/\/www.sabine-benoit.fr\/mariage\/wp-json\/wp\/v2\/media?parent=11"}],"curies":[{"name":"wp","href":"https:\/\/api.w.org\/{rel}","templated":true}]}}