{"id":67,"date":"2017-07-28T11:13:53","date_gmt":"2017-07-28T09:13:53","guid":{"rendered":"https:\/\/www.sabine-benoit.fr\/mariage\/?page_id=67"},"modified":"2017-08-23T20:59:38","modified_gmt":"2017-08-23T18:59:38","slug":"les-temoins","status":"publish","type":"page","link":"https:\/\/www.sabine-benoit.fr\/mariage\/les-temoins\/","title":{"rendered":"Les t\u00e9moins"},"content":{"rendered":"<h4><img data-del=\"avatar\" src='https:\/\/www.sabine-benoit.fr\/mariage\/wp-content\/uploads\/sites\/2\/2017\/08\/avatar-150x150.jpg' class='avatar pp-user-avatar avatar-50wp-user-avatar wp-user-avatar-50 photo ' height='50' width='50'\/>Les t\u00e9moins de Sabine<\/h4>\n<h5><img alt='' src='https:\/\/secure.gravatar.com\/avatar\/eab7a6a36f38e17e7353e292a8cadd7d065c40a4e81abcac23eeae666781cde2?s=150&#038;d=mm&#038;r=g' srcset='https:\/\/secure.gravatar.com\/avatar\/eab7a6a36f38e17e7353e292a8cadd7d065c40a4e81abcac23eeae666781cde2?s=300&#038;d=mm&#038;r=g 2x' class='avatar avatar-thumbnailwp-user-avatar wp-user-avatar-thumbnail photo' \/>Sol\u00e8ne<\/h5>\n<p>Connue en primaire, reconnue au lyc\u00e9e, et rereconnue \u00e9tudiante avec 2 ans de colocation. C&rsquo;est bien elle qui me conna\u00eet depuis le plus longtemps et les soir\u00e9es grenobloises ont cr\u00e9\u00e9 de sacr\u00e9s liens \ud83d\ude09<\/p>\n<h5><img data-del=\"avatar\" src='https:\/\/www.sabine-benoit.fr\/mariage\/wp-content\/uploads\/sites\/2\/2017\/08\/t-shirt-humoristique-super-temoin-200272-150x150.png' class='avatar pp-user-avatar avatar-thumbnailwp-user-avatar wp-user-avatar-thumbnail photo ' width='150'\/>Virginie<\/h5>\n<p>Connue en 2007 \u00e0 Paris au travail.<br \/>\nT\u00e9moin de notre d\u00e9but avec Beno\u00eet.<br \/>\nLes soir\u00e9es au fumoir \u00e0 coup de godfather et celles broder\/bourr\u00e9 resteront m\u00e9morables<\/p>\n<hr\/>\n<h4><img data-del=\"avatar\" src='https:\/\/www.sabine-benoit.fr\/mariage\/wp-content\/uploads\/sites\/2\/2017\/08\/svgA8803846321365003-150x150.png' class='avatar pp-user-avatar avatar-50wp-user-avatar wp-user-avatar-50 photo ' height='50' width='50'\/>Les t\u00e9moins de Beno\u00eet<\/h4>\n<h5><img alt='' src='https:\/\/secure.gravatar.com\/avatar\/b96896d0afb46e02f71b21268a37773d6130ae39528ea5a2c4800cc8e171c71c?s=150&#038;d=mm&#038;r=g' srcset='https:\/\/secure.gravatar.com\/avatar\/b96896d0afb46e02f71b21268a37773d6130ae39528ea5a2c4800cc8e171c71c?s=300&#038;d=mm&#038;r=g 2x' class='avatar avatar-thumbnailwp-user-avatar wp-user-avatar-thumbnail photo' \/>Joseph<\/h5>\n<p>Connu \u00e0 Paris au travail et t\u00e9moin de notre d\u00e9but avec Sabine.<br \/>\nParce qu\u2019il l&rsquo;a support\u00e9 pendant 2 ans, il sait vers quoi je m\u2019engage et saura me soutenir \ud83d\ude09<\/p>\n<h5><img alt='' src='https:\/\/secure.gravatar.com\/avatar\/aae19d7e88e8e486d109f62763b1167904e3cefa110cb2d93de0a0b3ecefbe12?s=150&#038;d=mm&#038;r=g' srcset='https:\/\/secure.gravatar.com\/avatar\/aae19d7e88e8e486d109f62763b1167904e3cefa110cb2d93de0a0b3ecefbe12?s=300&#038;d=mm&#038;r=g 2x' class='avatar avatar-thumbnailwp-user-avatar wp-user-avatar-thumbnail photo' \/>Marcel<\/h5>\n<p>Connu en 5e \u00e0 Pontoise.<br \/>\nPremier t\u00e9moin et participant \u00e0 mes premi\u00e8res b\u00eatises, m\u00eame si on s\u2019est perdu de vue un moment, on a su se retrouver.<\/p>\n<a href=\"#\" class=\"like-button has-likes\" data-toggle=\"tooltip\" data-placement=\"top\" data-title=\"Like\" data-count=\"1\" data-nonce=\"a3bf62aa00\" data-object-id=\"67\"><svg version=\"1.1\" xmlns=\"http:\/\/www.w3.org\/2000\/svg\" xmlns:xlink=\"http:\/\/www.w3.org\/1999\/xlink\" width=\"64\" height=\"64\" viewBox=\"0 0 64 64\"><path d=\"M46 4c-4.808 0-8.662 1.726-12.060 5.126-0.002 0.002-0.004 0.004-0.006 0.006h-0.002l-1.932 2.434-1.932-2.286c-0.002-0.002-0.004-0.004-0.006-0.006h-0.002c-3.4-3.402-7.252-5.274-12.060-5.274s-9.328 1.872-12.728 5.272c-3.398 3.4-5.272 7.92-5.272 12.728 0 4.804 1.87 9.324 5.266 12.722l23.894 24.094c0.75 0.758 1.774 1.184 2.84 1.184s2.090-0.426 2.84-1.184l23.892-24.094c3.396-3.398 5.268-7.916 5.268-12.722 0-4.808-1.874-9.328-5.272-12.728-3.4-3.4-7.92-5.272-12.728-5.272v0z\"><\/path><\/svg><\/a>\n","protected":false},"excerpt":{"rendered":"<p>Les t\u00e9moins de Sabine Sol\u00e8ne Connue en primaire, reconnue au lyc\u00e9e, et rereconnue \u00e9tudiante avec 2 ans de colocation. C&rsquo;est bien elle qui me conna\u00eet depuis le plus longtemps et les soir\u00e9es grenobloises ont cr\u00e9\u00e9 de sacr\u00e9s liens \ud83d\ude09 Virginie Connue en 2007 \u00e0 Paris au travail. T\u00e9moin de notre d\u00e9but avec Beno\u00eet. Les soir\u00e9es [&hellip;]<\/p>\n","protected":false},"author":2,"featured_media":0,"parent":0,"menu_order":0,"comment_status":"open","ping_status":"closed","template":"","meta":{"footnotes":""},"class_list":["post-67","page","type-page","status-publish","hentry"],"_links":{"self":[{"href":"https:\/\/www.sabine-benoit.fr\/mariage\/wp-json\/wp\/v2\/pages\/67","targetHints":{"allow":["GET"]}}],"collection":[{"href":"https:\/\/www.sabine-benoit.fr\/mariage\/wp-json\/wp\/v2\/pages"}],"about":[{"href":"https:\/\/www.sabine-benoit.fr\/mariage\/wp-json\/wp\/v2\/types\/page"}],"author":[{"embeddable":true,"href":"https:\/\/www.sabine-benoit.fr\/mariage\/wp-json\/wp\/v2\/users\/2"}],"replies":[{"embeddable":true,"href":"https:\/\/www.sabine-benoit.fr\/mariage\/wp-json\/wp\/v2\/comments?post=67"}],"version-history":[{"count":7,"href":"https:\/\/www.sabine-benoit.fr\/mariage\/wp-json\/wp\/v2\/pages\/67\/revisions"}],"predecessor-version":[{"id":455,"href":"https:\/\/www.sabine-benoit.fr\/mariage\/wp-json\/wp\/v2\/pages\/67\/revisions\/455"}],"wp:attachment":[{"href":"https:\/\/www.sabine-benoit.fr\/mariage\/wp-json\/wp\/v2\/media?parent=67"}],"curies":[{"name":"wp","href":"https:\/\/api.w.org\/{rel}","templated":true}]}}