{"id":7,"date":"2017-07-26T14:55:16","date_gmt":"2017-07-26T12:55:16","guid":{"rendered":"https:\/\/www.sabine-benoit.fr\/mariage\/?page_id=7"},"modified":"2017-08-21T18:34:31","modified_gmt":"2017-08-21T16:34:31","slug":"leur-rencontre","status":"publish","type":"page","link":"https:\/\/www.sabine-benoit.fr\/mariage\/les-maries\/leur-rencontre\/","title":{"rendered":"Leur rencontre"},"content":{"rendered":"<p>Voici l&rsquo;histoire inconnue et interpr\u00e9t\u00e9e de notre rencontre \ud83d\ude42 .<\/p>\n<p>Il \u00e9tait une fois une informaticienne de Savoie revenue dans sa ville natale.<br \/>\n<img loading=\"lazy\" decoding=\"async\" class=\"alignnone wp-image-245\" src=\"https:\/\/www.sabine-benoit.fr\/mariage\/wp-content\/uploads\/sites\/2\/2017\/08\/Sabine-ordi-v02.jpg\" alt=\"\" width=\"165\" height=\"184\" \/><\/p>\n<table>\n<tr>\n<td style=\"border:none;text-align:right\">Ou pour ceux qui la connaissent mieux<\/td>\n<\/tr>\n<tr>\n<td style=\"border:none\"><img loading=\"lazy\" decoding=\"async\" src=\"https:\/\/www.sabine-benoit.fr\/mariage\/wp-content\/uploads\/sites\/2\/2017\/07\/ordi4Retravaill\u00e9.jpg\" alt=\"\" width=\"200\" height=\"150\" class=\"alignright size-full wp-image-266\" \/><\/td>\n<\/tr>\n<\/table>\n<p>Il \u00e9tait une fois un chimiste perdu dans les m\u00e9andres de l&rsquo;informatique.<br \/>\n<img loading=\"lazy\" decoding=\"async\" class=\"alignnone size-medium wp-image-248\" src=\"https:\/\/www.sabine-benoit.fr\/mariage\/wp-content\/uploads\/sites\/2\/2017\/07\/Benoit-ordi-300x157.jpg\" alt=\"\" width=\"300\" height=\"157\" srcset=\"https:\/\/www.sabine-benoit.fr\/mariage\/wp-content\/uploads\/sites\/2\/2017\/07\/Benoit-ordi-300x157.jpg 300w, https:\/\/www.sabine-benoit.fr\/mariage\/wp-content\/uploads\/sites\/2\/2017\/07\/Benoit-ordi.jpg 310w\" sizes=\"auto, (max-width: 300px) 100vw, 300px\" \/><\/p>\n<hr\/>\n<table>\n<td style=\"border:none;width:300px\"><img loading=\"lazy\" decoding=\"async\" class=\"alignnone size-medium wp-image-249\" src=\"https:\/\/www.sabine-benoit.fr\/mariage\/wp-content\/uploads\/sites\/2\/2017\/07\/matrix_01-300x239.png\" alt=\"\" width=\"300\" height=\"239\" srcset=\"https:\/\/www.sabine-benoit.fr\/mariage\/wp-content\/uploads\/sites\/2\/2017\/07\/matrix_01-300x239.png 300w, https:\/\/www.sabine-benoit.fr\/mariage\/wp-content\/uploads\/sites\/2\/2017\/07\/matrix_01.png 450w\" sizes=\"auto, (max-width: 300px) 100vw, 300px\" \/><\/td>\n<td style=\"border:none;text-align:left\">Par le hasard de la vie, et pour leur futur plus grand bonheur, ils se retrouv\u00e8rent dans un monde professionnel merveilleux, plein de lignes de codes.<\/td>\n<\/table>\n<table>\n<td style=\"border:none;text-align:left;width:450px\">Elle, ne le remarque pas. Lui, ne sait comment engager la conversation. En d\u00e9sespoir de cause, il en vient \u00e0 lui parler de neutrinos pour attirer son attention.<br \/>\nBanco, les lunettes avaient raison, elle ma\u00eetrise aussi le sujet, c&rsquo;est une intello !<\/td>\n<td style=\"border:none;width:300px\"><img loading=\"lazy\" decoding=\"async\" class=\"alignnone  wp-image-262\" src=\"https:\/\/www.sabine-benoit.fr\/mariage\/wp-content\/uploads\/sites\/2\/2017\/07\/neutrino.jpg\" alt=\"\" width=\"292\" height=\"194\" srcset=\"https:\/\/www.sabine-benoit.fr\/mariage\/wp-content\/uploads\/sites\/2\/2017\/07\/neutrino.jpg 493w, https:\/\/www.sabine-benoit.fr\/mariage\/wp-content\/uploads\/sites\/2\/2017\/07\/neutrino-300x200.jpg 300w\" sizes=\"auto, (max-width: 292px) 100vw, 292px\" \/><\/td>\n<\/table>\n<p>Premier repas en t\u00eate \u00e0 t\u00eate, entre midi et deux &#8230; merci les coll\u00e8gues en cong\u00e9s.<\/p>\n<p>Une fois, deux fois, puis on est des fous : un afterwork chez notre futur agent matrimonial Nicolas.<br \/>\nOn discute, on papote, et on se dit bonne soir\u00e9e.<\/p>\n<p>On recommence plusieurs fois, des bonnes soir\u00e9es \u00e0 d\u00e9couvrir les vins.<\/p>\n<table>\n<td style=\"border:none;width:120px\"><img loading=\"lazy\" decoding=\"async\" class=\"alignnone size-full wp-image-250\" src=\"https:\/\/www.sabine-benoit.fr\/mariage\/wp-content\/uploads\/sites\/2\/2017\/07\/Attente.jpg\" alt=\"\" width=\"110\" height=\"177\" \/><\/td>\n<td style=\"border:none;text-align:left\">Mais qu&rsquo;est ce qu&rsquo;il attend \u00e0 la fin????<br \/>\nFaut y aller maintenant!!!!<\/td>\n<\/table>\n<table>\n<td style=\"border:none;text-align:right\">Ben c&rsquo;est que j&rsquo;ose pas.<\/td>\n<td style=\"border:none;width:120px\"><img loading=\"lazy\" decoding=\"async\" class=\"alignright size-full wp-image-251\" src=\"https:\/\/www.sabine-benoit.fr\/mariage\/wp-content\/uploads\/sites\/2\/2017\/07\/Timide.png\" alt=\"\" width=\"92\" height=\"210\" \/><\/td>\n<\/table>\n<hr\/>\n<p>Et finalement :<br \/>\n<img loading=\"lazy\" decoding=\"async\" class=\"alignnone size-full wp-image-260\" src=\"https:\/\/www.sabine-benoit.fr\/mariage\/wp-content\/uploads\/sites\/2\/2017\/07\/mariage.jpg\" alt=\"\" width=\"640\" height=\"361\" srcset=\"https:\/\/www.sabine-benoit.fr\/mariage\/wp-content\/uploads\/sites\/2\/2017\/07\/mariage.jpg 640w, https:\/\/www.sabine-benoit.fr\/mariage\/wp-content\/uploads\/sites\/2\/2017\/07\/mariage-300x169.jpg 300w\" sizes=\"auto, (max-width: 640px) 100vw, 640px\" \/><\/p>\n<a href=\"#\" class=\"like-button has-likes\" data-toggle=\"tooltip\" data-placement=\"top\" data-title=\"Like\" data-count=\"4\" data-nonce=\"a3bf62aa00\" data-object-id=\"7\"><svg version=\"1.1\" xmlns=\"http:\/\/www.w3.org\/2000\/svg\" xmlns:xlink=\"http:\/\/www.w3.org\/1999\/xlink\" width=\"64\" height=\"64\" viewBox=\"0 0 64 64\"><path d=\"M46 4c-4.808 0-8.662 1.726-12.060 5.126-0.002 0.002-0.004 0.004-0.006 0.006h-0.002l-1.932 2.434-1.932-2.286c-0.002-0.002-0.004-0.004-0.006-0.006h-0.002c-3.4-3.402-7.252-5.274-12.060-5.274s-9.328 1.872-12.728 5.272c-3.398 3.4-5.272 7.92-5.272 12.728 0 4.804 1.87 9.324 5.266 12.722l23.894 24.094c0.75 0.758 1.774 1.184 2.84 1.184s2.090-0.426 2.84-1.184l23.892-24.094c3.396-3.398 5.268-7.916 5.268-12.722 0-4.808-1.874-9.328-5.272-12.728-3.4-3.4-7.92-5.272-12.728-5.272v0z\"><\/path><\/svg><\/a>\n","protected":false},"excerpt":{"rendered":"<p>Voici l&rsquo;histoire inconnue et interpr\u00e9t\u00e9e de notre rencontre \ud83d\ude42 . Il \u00e9tait une fois une informaticienne de Savoie revenue dans sa ville natale. Ou pour ceux qui la connaissent mieux Il \u00e9tait une fois un chimiste perdu dans les m\u00e9andres de l&rsquo;informatique. Par le hasard de la vie, et pour leur futur plus grand bonheur, [&hellip;]<\/p>\n","protected":false},"author":1,"featured_media":0,"parent":66,"menu_order":0,"comment_status":"open","ping_status":"closed","template":"","meta":{"footnotes":""},"class_list":["post-7","page","type-page","status-publish","hentry"],"_links":{"self":[{"href":"https:\/\/www.sabine-benoit.fr\/mariage\/wp-json\/wp\/v2\/pages\/7","targetHints":{"allow":["GET"]}}],"collection":[{"href":"https:\/\/www.sabine-benoit.fr\/mariage\/wp-json\/wp\/v2\/pages"}],"about":[{"href":"https:\/\/www.sabine-benoit.fr\/mariage\/wp-json\/wp\/v2\/types\/page"}],"author":[{"embeddable":true,"href":"https:\/\/www.sabine-benoit.fr\/mariage\/wp-json\/wp\/v2\/users\/1"}],"replies":[{"embeddable":true,"href":"https:\/\/www.sabine-benoit.fr\/mariage\/wp-json\/wp\/v2\/comments?post=7"}],"version-history":[{"count":20,"href":"https:\/\/www.sabine-benoit.fr\/mariage\/wp-json\/wp\/v2\/pages\/7\/revisions"}],"predecessor-version":[{"id":397,"href":"https:\/\/www.sabine-benoit.fr\/mariage\/wp-json\/wp\/v2\/pages\/7\/revisions\/397"}],"up":[{"embeddable":true,"href":"https:\/\/www.sabine-benoit.fr\/mariage\/wp-json\/wp\/v2\/pages\/66"}],"wp:attachment":[{"href":"https:\/\/www.sabine-benoit.fr\/mariage\/wp-json\/wp\/v2\/media?parent=7"}],"curies":[{"name":"wp","href":"https:\/\/api.w.org\/{rel}","templated":true}]}}