{"id":80,"date":"2017-07-28T11:26:31","date_gmt":"2017-07-28T09:26:31","guid":{"rendered":"https:\/\/www.sabine-benoit.fr\/mariage\/?page_id=80"},"modified":"2017-10-31T19:30:17","modified_gmt":"2017-10-31T18:30:17","slug":"les-preparatifs","status":"publish","type":"page","link":"https:\/\/www.sabine-benoit.fr\/mariage\/le-mariage\/les-preparatifs\/","title":{"rendered":"Les pr\u00e9paratifs"},"content":{"rendered":"<h4>Le \u00ab\u00a0Save The Date\u00a0\u00bb<\/h4>\n<p><u>Septembre 2017<\/u> : Pr\u00eat \u00e0 envoyer les messages pour r\u00e9server la date<br \/>\n<a href=\"https:\/\/www.sabine-benoit.fr\/mariage\/wp-content\/uploads\/sites\/2\/2017\/07\/prepSaveTheDaye.jpg\"><img loading=\"lazy\" decoding=\"async\" src=\"https:\/\/www.sabine-benoit.fr\/mariage\/wp-content\/uploads\/sites\/2\/2017\/07\/prepSaveTheDaye-300x225.jpg\" alt=\"\" width=\"300\" height=\"225\" class=\"alignnone size-medium wp-image-865\" srcset=\"https:\/\/www.sabine-benoit.fr\/mariage\/wp-content\/uploads\/sites\/2\/2017\/07\/prepSaveTheDaye-300x225.jpg 300w, https:\/\/www.sabine-benoit.fr\/mariage\/wp-content\/uploads\/sites\/2\/2017\/07\/prepSaveTheDaye-768x576.jpg 768w, https:\/\/www.sabine-benoit.fr\/mariage\/wp-content\/uploads\/sites\/2\/2017\/07\/prepSaveTheDaye-1024x768.jpg 1024w, https:\/\/www.sabine-benoit.fr\/mariage\/wp-content\/uploads\/sites\/2\/2017\/07\/prepSaveTheDaye.jpg 1280w\" sizes=\"auto, (max-width: 300px) 100vw, 300px\" \/><\/a><\/p>\n<h4>Les demandes de t\u00e9moins<\/h4>\n<p><u>Ao\u00fbt 2017<\/u> : 1\u00e8re \u00e9tape des pr\u00e9paratifs faite.<br \/>\nLes fameuses boxs ont \u00e9t\u00e9 envoy\u00e9es pour la demande officielle des t\u00e9moins&#8230;<br \/>\n<a href=\"https:\/\/www.sabine-benoit.fr\/mariage\/wp-content\/uploads\/sites\/2\/2017\/08\/20170817_180830_resized_1.jpg\"><img loading=\"lazy\" decoding=\"async\" src=\"https:\/\/www.sabine-benoit.fr\/mariage\/wp-content\/uploads\/sites\/2\/2017\/08\/20170817_180830_resized_1-300x225.jpg\" alt=\"\" width=\"300\" height=\"225\" class=\"alignnone size-medium wp-image-337\" srcset=\"https:\/\/www.sabine-benoit.fr\/mariage\/wp-content\/uploads\/sites\/2\/2017\/08\/20170817_180830_resized_1-300x225.jpg 300w, https:\/\/www.sabine-benoit.fr\/mariage\/wp-content\/uploads\/sites\/2\/2017\/08\/20170817_180830_resized_1-768x576.jpg 768w, https:\/\/www.sabine-benoit.fr\/mariage\/wp-content\/uploads\/sites\/2\/2017\/08\/20170817_180830_resized_1-1024x768.jpg 1024w, https:\/\/www.sabine-benoit.fr\/mariage\/wp-content\/uploads\/sites\/2\/2017\/08\/20170817_180830_resized_1.jpg 1632w\" sizes=\"auto, (max-width: 300px) 100vw, 300px\" \/><\/a><\/p>\n<a href=\"#\" class=\"like-button has-likes\" data-toggle=\"tooltip\" data-placement=\"top\" data-title=\"Like\" data-count=\"1\" data-nonce=\"a3bf62aa00\" data-object-id=\"80\"><svg version=\"1.1\" xmlns=\"http:\/\/www.w3.org\/2000\/svg\" xmlns:xlink=\"http:\/\/www.w3.org\/1999\/xlink\" width=\"64\" height=\"64\" viewBox=\"0 0 64 64\"><path d=\"M46 4c-4.808 0-8.662 1.726-12.060 5.126-0.002 0.002-0.004 0.004-0.006 0.006h-0.002l-1.932 2.434-1.932-2.286c-0.002-0.002-0.004-0.004-0.006-0.006h-0.002c-3.4-3.402-7.252-5.274-12.060-5.274s-9.328 1.872-12.728 5.272c-3.398 3.4-5.272 7.92-5.272 12.728 0 4.804 1.87 9.324 5.266 12.722l23.894 24.094c0.75 0.758 1.774 1.184 2.84 1.184s2.090-0.426 2.84-1.184l23.892-24.094c3.396-3.398 5.268-7.916 5.268-12.722 0-4.808-1.874-9.328-5.272-12.728-3.4-3.4-7.92-5.272-12.728-5.272v0z\"><\/path><\/svg><\/a>\n","protected":false},"excerpt":{"rendered":"<p>Le \u00ab\u00a0Save The Date\u00a0\u00bb Septembre 2017 : Pr\u00eat \u00e0 envoyer les messages pour r\u00e9server la date Les demandes de t\u00e9moins Ao\u00fbt 2017 : 1\u00e8re \u00e9tape des pr\u00e9paratifs faite. Les fameuses boxs ont \u00e9t\u00e9 envoy\u00e9es pour la demande officielle des t\u00e9moins&#8230;<\/p>\n","protected":false},"author":2,"featured_media":0,"parent":68,"menu_order":0,"comment_status":"open","ping_status":"closed","template":"","meta":{"footnotes":""},"class_list":["post-80","page","type-page","status-publish","hentry"],"_links":{"self":[{"href":"https:\/\/www.sabine-benoit.fr\/mariage\/wp-json\/wp\/v2\/pages\/80","targetHints":{"allow":["GET"]}}],"collection":[{"href":"https:\/\/www.sabine-benoit.fr\/mariage\/wp-json\/wp\/v2\/pages"}],"about":[{"href":"https:\/\/www.sabine-benoit.fr\/mariage\/wp-json\/wp\/v2\/types\/page"}],"author":[{"embeddable":true,"href":"https:\/\/www.sabine-benoit.fr\/mariage\/wp-json\/wp\/v2\/users\/2"}],"replies":[{"embeddable":true,"href":"https:\/\/www.sabine-benoit.fr\/mariage\/wp-json\/wp\/v2\/comments?post=80"}],"version-history":[{"count":6,"href":"https:\/\/www.sabine-benoit.fr\/mariage\/wp-json\/wp\/v2\/pages\/80\/revisions"}],"predecessor-version":[{"id":866,"href":"https:\/\/www.sabine-benoit.fr\/mariage\/wp-json\/wp\/v2\/pages\/80\/revisions\/866"}],"up":[{"embeddable":true,"href":"https:\/\/www.sabine-benoit.fr\/mariage\/wp-json\/wp\/v2\/pages\/68"}],"wp:attachment":[{"href":"https:\/\/www.sabine-benoit.fr\/mariage\/wp-json\/wp\/v2\/media?parent=80"}],"curies":[{"name":"wp","href":"https:\/\/api.w.org\/{rel}","templated":true}]}}